{"id":677,"date":"2024-07-25T12:43:37","date_gmt":"2024-07-25T10:43:37","guid":{"rendered":"https:\/\/nestandco.site\/private-policy\/"},"modified":"2026-03-10T16:20:16","modified_gmt":"2026-03-10T15:20:16","slug":"private-policy","status":"publish","type":"page","link":"https:\/\/nestandco.site\/fr\/private-policy\/","title":{"rendered":"Politique de Confidentialit\u00e9"},"content":{"rendered":"\t\t<div data-elementor-type=\"wp-page\" data-elementor-id=\"677\" class=\"elementor elementor-677 elementor-41\" data-elementor-post-type=\"page\">\n\t\t\t\t<div class=\"elementor-element elementor-element-1f94563 e-flex e-con-boxed e-con e-parent\" data-id=\"1f94563\" data-element_type=\"container\" data-e-type=\"container\">\n\t\t\t\t\t<div class=\"e-con-inner\">\n\t\t\t\t<div class=\"elementor-element elementor-element-6c06efb elementor-widget elementor-widget-heading\" data-id=\"6c06efb\" data-element_type=\"widget\" data-e-type=\"widget\" data-widget_type=\"heading.default\">\n\t\t\t\t<div class=\"elementor-widget-container\">\n\t\t\t\t\t<h2 class=\"elementor-heading-title elementor-size-default\">Private Policy<\/h2>\t\t\t\t<\/div>\n\t\t\t\t<\/div>\n\t\t\t\t\t<\/div>\n\t\t\t\t<\/div>\n\t\t<div class=\"elementor-element elementor-element-1e11a50 e-flex e-con-boxed e-con e-parent\" data-id=\"1e11a50\" data-element_type=\"container\" data-e-type=\"container\">\n\t\t\t\t\t<div class=\"e-con-inner\">\n\t\t<div class=\"elementor-element elementor-element-a94e728 e-con-full e-flex e-con e-child\" data-id=\"a94e728\" data-element_type=\"container\" data-e-type=\"container\">\n\t\t\t\t<div class=\"elementor-element elementor-element-7f41e59 elementor-widget elementor-widget-heading\" data-id=\"7f41e59\" data-element_type=\"widget\" data-e-type=\"widget\" data-widget_type=\"heading.default\">\n\t\t\t\t<div class=\"elementor-widget-container\">\n\t\t\t\t\t<h3 class=\"elementor-heading-title elementor-size-default\">Introduction<\/h3>\t\t\t\t<\/div>\n\t\t\t\t<\/div>\n\t\t\t\t<div class=\"elementor-element elementor-element-5717370 elementor-widget elementor-widget-text-editor\" data-id=\"5717370\" data-element_type=\"widget\" data-e-type=\"widget\" data-widget_type=\"text-editor.default\">\n\t\t\t\t<div class=\"elementor-widget-container\">\n\t\t\t\t\t\t\t\t\t<p>Chez Nest and Co., nous nous engageons \u00e0 prot\u00e9ger la vie priv\u00e9e et la s\u00e9curit\u00e9 des donn\u00e9es personnelles de nos utilisateurs et clients. Cette Politique de Confidentialit\u00e9 d\u00e9crit comment nous collectons, utilisons et prot\u00e9geons les informations personnelles que vous nous fournissez via notre site web et d&rsquo;autres canaux de communication.<\/p>\t\t\t\t\t\t\t\t<\/div>\n\t\t\t\t<\/div>\n\t\t\t\t<\/div>\n\t\t<div class=\"elementor-element elementor-element-d5eee9f e-con-full e-flex e-con e-child\" data-id=\"d5eee9f\" data-element_type=\"container\" data-e-type=\"container\">\n\t\t\t\t<div class=\"elementor-element elementor-element-f145cae elementor-widget elementor-widget-heading\" data-id=\"f145cae\" data-element_type=\"widget\" data-e-type=\"widget\" data-widget_type=\"heading.default\">\n\t\t\t\t<div class=\"elementor-widget-container\">\n\t\t\t\t\t<h3 class=\"elementor-heading-title elementor-size-default\">Responsable du Traitement<\/h3>\t\t\t\t<\/div>\n\t\t\t\t<\/div>\n\t\t\t\t<div class=\"elementor-element elementor-element-8830ef5 elementor-widget elementor-widget-text-editor\" data-id=\"8830ef5\" data-element_type=\"widget\" data-e-type=\"widget\" data-widget_type=\"text-editor.default\">\n\t\t\t\t<div class=\"elementor-widget-container\">\n\t\t\t\t\t\t\t\t\t<p>Le responsable du traitement de vos donn\u00e9es personnelles est :<\/p><p>Nom de l&rsquo;Entreprise : Nest and Co.<\/p><p>E-mails de Contact :<\/p><p>Louise : louise@nestandco.eu<\/p><p>H\u00e9l\u00e8ne : helene@nestandco.eu<\/p><p>Num\u00e9ros de T\u00e9l\u00e9phone de Contact :<\/p><p>Louise : +34 689 60 34 58<\/p><p>H\u00e9l\u00e8ne : +34 644 33 72 02<\/p><p>Donn\u00e9es Personnelles que Nous Collectons<\/p>\t\t\t\t\t\t\t\t<\/div>\n\t\t\t\t<\/div>\n\t\t\t\t<\/div>\n\t\t<div class=\"elementor-element elementor-element-7bcb860 e-con-full e-flex e-con e-child\" data-id=\"7bcb860\" data-element_type=\"container\" data-e-type=\"container\">\n\t\t\t\t<div class=\"elementor-element elementor-element-ad914eb elementor-widget elementor-widget-heading\" data-id=\"ad914eb\" data-element_type=\"widget\" data-e-type=\"widget\" data-widget_type=\"heading.default\">\n\t\t\t\t<div class=\"elementor-widget-container\">\n\t\t\t\t\t<h3 class=\"elementor-heading-title elementor-size-default\">Nous pouvons collecter et traiter les donn\u00e9es personnelles suivantes<\/h3>\t\t\t\t<\/div>\n\t\t\t\t<\/div>\n\t\t\t\t<div class=\"elementor-element elementor-element-81f324a elementor-widget elementor-widget-text-editor\" data-id=\"81f324a\" data-element_type=\"widget\" data-e-type=\"widget\" data-widget_type=\"text-editor.default\">\n\t\t\t\t<div class=\"elementor-widget-container\">\n\t\t\t\t\t\t\t\t\t<p>Informations de Contact : Nom, adresse e-mail, num\u00e9ro de t\u00e9l\u00e9phone.<\/p><p>Informations Identificatives : Nationalit\u00e9, \u00e9tat civil.<\/p><p>Pr\u00e9f\u00e9rences de Contact : M\u00e9thode pr\u00e9f\u00e9r\u00e9e pour \u00eatre contact\u00e9 (t\u00e9l\u00e9phone, e-mail, message texte).<\/p><p>Informations Fournies dans le Message : Toute autre information que vous nous fournissez via des formulaires de contact ou de consultation.<\/p><p>Donn\u00e9es de Navigation : Informations collect\u00e9es via des cookies et des technologies similaires lorsque vous visitez notre site web (veuillez consulter notre Politique de Cookies pour plus de d\u00e9tails).<\/p>\t\t\t\t\t\t\t\t<\/div>\n\t\t\t\t<\/div>\n\t\t\t\t<\/div>\n\t\t<div class=\"elementor-element elementor-element-b6cf413 e-con-full e-flex e-con e-child\" data-id=\"b6cf413\" data-element_type=\"container\" data-e-type=\"container\">\n\t\t\t\t<div class=\"elementor-element elementor-element-13b5264 elementor-widget elementor-widget-heading\" data-id=\"13b5264\" data-element_type=\"widget\" data-e-type=\"widget\" data-widget_type=\"heading.default\">\n\t\t\t\t<div class=\"elementor-widget-container\">\n\t\t\t\t\t<h3 class=\"elementor-heading-title elementor-size-default\">Finalit\u00e9 du Traitement<\/h3>\t\t\t\t<\/div>\n\t\t\t\t<\/div>\n\t\t\t\t<div class=\"elementor-element elementor-element-3f5c853 elementor-widget elementor-widget-text-editor\" data-id=\"3f5c853\" data-element_type=\"widget\" data-e-type=\"widget\" data-widget_type=\"text-editor.default\">\n\t\t\t\t<div class=\"elementor-widget-container\">\n\t\t\t\t\t\t\t\t\t<p>Les donn\u00e9es personnelles que nous collectons sont utilis\u00e9es aux fins suivantes :<\/p><p>Gestion des Demandes : R\u00e9pondre aux questions, demandes d&rsquo;informations ou consultations que vous effectuez via notre site web ou par d&rsquo;autres moyens.<\/p><p>Prestation de Services : G\u00e9rer et coordonner les services de conseil, soutien et orientation que nous offrons, y compris la planification des consultations et le suivi des traitements.<\/p><p>Communication : Envoyer des informations pertinentes sur nos services, nouveaut\u00e9s et mises \u00e0 jour aux utilisateurs qui en ont fait la demande.<\/p><p>Am\u00e9lioration des Services : Analyser et am\u00e9liorer nos services et l&rsquo;exp\u00e9rience utilisateur sur notre site web.<\/p><p>Conformit\u00e9 L\u00e9gale : Respecter les obligations l\u00e9gales qui nous incombent en vertu de la r\u00e9glementation en vigueur.<\/p><p>Base L\u00e9gale pour le Traitement des Donn\u00e9es<\/p>\t\t\t\t\t\t\t\t<\/div>\n\t\t\t\t<\/div>\n\t\t\t\t<\/div>\n\t\t<div class=\"elementor-element elementor-element-7e788ca e-con-full e-flex e-con e-child\" data-id=\"7e788ca\" data-element_type=\"container\" data-e-type=\"container\">\n\t\t\t\t<div class=\"elementor-element elementor-element-30f236e elementor-widget elementor-widget-heading\" data-id=\"30f236e\" data-element_type=\"widget\" data-e-type=\"widget\" data-widget_type=\"heading.default\">\n\t\t\t\t<div class=\"elementor-widget-container\">\n\t\t\t\t\t<h3 class=\"elementor-heading-title elementor-size-default\">Le traitement de vos donn\u00e9es personnelles est bas\u00e9 sur <\/h3>\t\t\t\t<\/div>\n\t\t\t\t<\/div>\n\t\t\t\t<div class=\"elementor-element elementor-element-76da7e7 elementor-widget elementor-widget-text-editor\" data-id=\"76da7e7\" data-element_type=\"widget\" data-e-type=\"widget\" data-widget_type=\"text-editor.default\">\n\t\t\t\t<div class=\"elementor-widget-container\">\n\t\t\t\t\t\t\t\t\t<p>Consentement : Lorsque vous nous fournissez volontairement vos donn\u00e9es personnelles via nos formulaires de contact et consentez express\u00e9ment au traitement de vos donn\u00e9es pour les finalit\u00e9s mentionn\u00e9es.<\/p><p>Ex\u00e9cution d&rsquo;un Contrat : Lorsque le traitement est n\u00e9cessaire \u00e0 l&rsquo;ex\u00e9cution d&rsquo;un contrat auquel vous \u00eates partie, ou pour l&rsquo;application de mesures pr\u00e9contractuelles.<\/p><p>Conformit\u00e9 aux Obligations L\u00e9gales : Lorsque le traitement est n\u00e9cessaire pour respecter une obligation l\u00e9gale qui nous est applicable.<\/p>\t\t\t\t\t\t\t\t<\/div>\n\t\t\t\t<\/div>\n\t\t\t\t<\/div>\n\t\t<div class=\"elementor-element elementor-element-7dba7e7 e-con-full e-flex e-con e-child\" data-id=\"7dba7e7\" data-element_type=\"container\" data-e-type=\"container\">\n\t\t\t\t<div class=\"elementor-element elementor-element-6c29d6c elementor-widget elementor-widget-heading\" data-id=\"6c29d6c\" data-element_type=\"widget\" data-e-type=\"widget\" data-widget_type=\"heading.default\">\n\t\t\t\t<div class=\"elementor-widget-container\">\n\t\t\t\t\t<h3 class=\"elementor-heading-title elementor-size-default\">Conservation des Donn\u00e9es<\/h3>\t\t\t\t<\/div>\n\t\t\t\t<\/div>\n\t\t\t\t<div class=\"elementor-element elementor-element-609d86e elementor-widget elementor-widget-text-editor\" data-id=\"609d86e\" data-element_type=\"widget\" data-e-type=\"widget\" data-widget_type=\"text-editor.default\">\n\t\t\t\t<div class=\"elementor-widget-container\">\n\t\t\t\t\t\t\t\t\t<p>Nous conserverons vos donn\u00e9es personnelles pendant le temps n\u00e9cessaire pour atteindre les finalit\u00e9s pour lesquelles elles ont \u00e9t\u00e9 collect\u00e9es, ou pendant la p\u00e9riode exig\u00e9e par la l\u00e9gislation applicable. Une fois la finalit\u00e9 accomplie ou la p\u00e9riode l\u00e9gale expir\u00e9e, nous proc\u00e9derons \u00e0 la suppression s\u00e9curis\u00e9e de vos donn\u00e9es.<\/p>\t\t\t\t\t\t\t\t<\/div>\n\t\t\t\t<\/div>\n\t\t\t\t<\/div>\n\t\t<div class=\"elementor-element elementor-element-722608f e-con-full e-flex e-con e-child\" data-id=\"722608f\" data-element_type=\"container\" data-e-type=\"container\">\n\t\t\t\t<div class=\"elementor-element elementor-element-f16069c elementor-widget elementor-widget-heading\" data-id=\"f16069c\" data-element_type=\"widget\" data-e-type=\"widget\" data-widget_type=\"heading.default\">\n\t\t\t\t<div class=\"elementor-widget-container\">\n\t\t\t\t\t<h3 class=\"elementor-heading-title elementor-size-default\">Partage des Donn\u00e9es<\/h3>\t\t\t\t<\/div>\n\t\t\t\t<\/div>\n\t\t\t\t<div class=\"elementor-element elementor-element-f384f4e elementor-widget elementor-widget-text-editor\" data-id=\"f384f4e\" data-element_type=\"widget\" data-e-type=\"widget\" data-widget_type=\"text-editor.default\">\n\t\t\t\t<div class=\"elementor-widget-container\">\n\t\t\t\t\t\t\t\t\t<p>Nest and Co. ne partagera pas vos donn\u00e9es personnelles avec des tiers, sauf dans les cas suivants :<\/p><p>Fournisseurs de Services : Lorsque cela est n\u00e9cessaire, nous partagerons vos donn\u00e9es avec des fournisseurs de services qui nous assistent dans la prestation de nos services, toujours sous des accords de confidentialit\u00e9 et uniquement pour les finalit\u00e9s sp\u00e9cifi\u00e9es.<\/p><p>Conformit\u00e9 L\u00e9gale : Lorsque nous sommes tenus de divulguer vos donn\u00e9es personnelles en vertu d&rsquo;une obligation l\u00e9gale, d&rsquo;une ordonnance judiciaire ou d&rsquo;une demande d&rsquo;une autorit\u00e9 comp\u00e9tente.<\/p>\t\t\t\t\t\t\t\t<\/div>\n\t\t\t\t<\/div>\n\t\t\t\t<\/div>\n\t\t<div class=\"elementor-element elementor-element-05d0220 e-con-full e-flex e-con e-child\" data-id=\"05d0220\" data-element_type=\"container\" data-e-type=\"container\">\n\t\t\t\t<div class=\"elementor-element elementor-element-c96fec4 elementor-widget elementor-widget-heading\" data-id=\"c96fec4\" data-element_type=\"widget\" data-e-type=\"widget\" data-widget_type=\"heading.default\">\n\t\t\t\t<div class=\"elementor-widget-container\">\n\t\t\t\t\t<h3 class=\"elementor-heading-title elementor-size-default\">Droits de l'Utilisateur<\/h3>\t\t\t\t<\/div>\n\t\t\t\t<\/div>\n\t\t\t\t<div class=\"elementor-element elementor-element-62124ca elementor-widget elementor-widget-text-editor\" data-id=\"62124ca\" data-element_type=\"widget\" data-e-type=\"widget\" data-widget_type=\"text-editor.default\">\n\t\t\t\t<div class=\"elementor-widget-container\">\n\t\t\t\t\t\t\t\t\t<p>Vous avez le droit de :<\/p><p>Acc\u00e8s : Demander l&rsquo;acc\u00e8s aux donn\u00e9es personnelles que nous d\u00e9tenons sur vous.<\/p><p>Rectification : Demander la correction de donn\u00e9es inexactes ou incompl\u00e8tes.<\/p><p>Suppression : Demander la suppression de vos donn\u00e9es personnelles lorsqu&rsquo;elles ne sont plus n\u00e9cessaires aux fins pour lesquelles elles ont \u00e9t\u00e9 collect\u00e9es.<\/p><p>Opposition : Vous opposer au traitement de vos donn\u00e9es personnelles dans certaines circonstances.<\/p><p>Limitation : Demander la limitation du traitement de vos donn\u00e9es dans certains cas.<\/p><p>Portabilit\u00e9 : Demander la remise de vos donn\u00e9es dans un format structur\u00e9, couramment utilis\u00e9 et lisible par machine, et leur transmission \u00e0 un autre responsable du traitement.<\/p><p>Pour exercer l&rsquo;un de ces droits, vous pouvez nous contacter via les e-mails fournis ci-dessus. Nous r\u00e9pondrons \u00e0 votre demande dans les plus brefs d\u00e9lais, et en tout cas, dans le d\u00e9lai l\u00e9gal \u00e9tabli.<\/p>\t\t\t\t\t\t\t\t<\/div>\n\t\t\t\t<\/div>\n\t\t\t\t<\/div>\n\t\t<div class=\"elementor-element elementor-element-feaefca e-con-full e-flex e-con e-child\" data-id=\"feaefca\" data-element_type=\"container\" data-e-type=\"container\">\n\t\t\t\t<div class=\"elementor-element elementor-element-a42f027 elementor-widget elementor-widget-heading\" data-id=\"a42f027\" data-element_type=\"widget\" data-e-type=\"widget\" data-widget_type=\"heading.default\">\n\t\t\t\t<div class=\"elementor-widget-container\">\n\t\t\t\t\t<h3 class=\"elementor-heading-title elementor-size-default\">S\u00e9curit\u00e9 des Donn\u00e9es<\/h3>\t\t\t\t<\/div>\n\t\t\t\t<\/div>\n\t\t\t\t<div class=\"elementor-element elementor-element-3021aad elementor-widget elementor-widget-text-editor\" data-id=\"3021aad\" data-element_type=\"widget\" data-e-type=\"widget\" data-widget_type=\"text-editor.default\">\n\t\t\t\t<div class=\"elementor-widget-container\">\n\t\t\t\t\t\t\t\t\t<p>Chez Nest and Co., nous mettons en \u0153uvre des mesures techniques et organisationnelles appropri\u00e9es pour garantir la s\u00e9curit\u00e9 des donn\u00e9es personnelles que nous traitons, les prot\u00e9geant contre l&rsquo;acc\u00e8s non autoris\u00e9, l&rsquo;alt\u00e9ration, la divulgation ou la destruction.<\/p>\t\t\t\t\t\t\t\t<\/div>\n\t\t\t\t<\/div>\n\t\t\t\t<\/div>\n\t\t<div class=\"elementor-element elementor-element-3796394 e-con-full e-flex e-con e-child\" data-id=\"3796394\" data-element_type=\"container\" data-e-type=\"container\">\n\t\t\t\t<div class=\"elementor-element elementor-element-7d71a4f elementor-widget elementor-widget-heading\" data-id=\"7d71a4f\" data-element_type=\"widget\" data-e-type=\"widget\" data-widget_type=\"heading.default\">\n\t\t\t\t<div class=\"elementor-widget-container\">\n\t\t\t\t\t<h3 class=\"elementor-heading-title elementor-size-default\">Modifications de la Politique de Confidentialit\u00e9<\/h3>\t\t\t\t<\/div>\n\t\t\t\t<\/div>\n\t\t\t\t<div class=\"elementor-element elementor-element-01e5149 elementor-widget elementor-widget-text-editor\" data-id=\"01e5149\" data-element_type=\"widget\" data-e-type=\"widget\" data-widget_type=\"text-editor.default\">\n\t\t\t\t<div class=\"elementor-widget-container\">\n\t\t\t\t\t\t\t\t\t<p>Nous nous r\u00e9servons le droit de modifier cette Politique de Confidentialit\u00e9 \u00e0 tout moment. Tout changement sera publi\u00e9 sur cette page et, si n\u00e9cessaire, nous vous en informerons par d&rsquo;autres moyens de contact.<\/p>\t\t\t\t\t\t\t\t<\/div>\n\t\t\t\t<\/div>\n\t\t\t\t<\/div>\n\t\t<div class=\"elementor-element elementor-element-6b377e2 e-con-full e-flex e-con e-child\" data-id=\"6b377e2\" data-element_type=\"container\" data-e-type=\"container\">\n\t\t\t\t<div class=\"elementor-element elementor-element-1e021ee elementor-widget elementor-widget-heading\" data-id=\"1e021ee\" data-element_type=\"widget\" data-e-type=\"widget\" data-widget_type=\"heading.default\">\n\t\t\t\t<div class=\"elementor-widget-container\">\n\t\t\t\t\t<h3 class=\"elementor-heading-title elementor-size-default\">Contact<\/h3>\t\t\t\t<\/div>\n\t\t\t\t<\/div>\n\t\t\t\t<div class=\"elementor-element elementor-element-5deb7e5 elementor-widget elementor-widget-text-editor\" data-id=\"5deb7e5\" data-element_type=\"widget\" data-e-type=\"widget\" data-widget_type=\"text-editor.default\">\n\t\t\t\t<div class=\"elementor-widget-container\">\n\t\t\t\t\t\t\t\t\t<p>Si vous avez des questions ou des pr\u00e9occupations concernant cette Politique de Confidentialit\u00e9 ou la mani\u00e8re dont nous traitons vos donn\u00e9es personnelles, n&rsquo;h\u00e9sitez pas \u00e0 nous contacter :<\/p><p>Louise : louise@nestandco.eu<\/p><p>H\u00e9l\u00e8ne : helene@nestandco.eu<\/p><p>Num\u00e9ros de T\u00e9l\u00e9phone :<\/p><p>Louise : +34 689 60 34 58<\/p><p>H\u00e9l\u00e8ne : +34 644 33 72 02<\/p>\t\t\t\t\t\t\t\t<\/div>\n\t\t\t\t<\/div>\n\t\t\t\t<\/div>\n\t\t\t\t\t<\/div>\n\t\t\t\t<\/div>\n\t\t\t\t<\/div>\n\t\t","protected":false},"excerpt":{"rendered":"<p>Private Policy Introduction Chez Nest and Co., nous nous engageons \u00e0 prot\u00e9ger la vie priv\u00e9e et la s\u00e9curit\u00e9 des donn\u00e9es personnelles de nos utilisateurs et clients. Cette Politique de Confidentialit\u00e9 d\u00e9crit comment nous collectons, utilisons et prot\u00e9geons les informations personnelles que vous nous fournissez via notre site web et d&rsquo;autres canaux de communication. Responsable du [&hellip;]<\/p>\n","protected":false},"author":48098,"featured_media":0,"parent":0,"menu_order":0,"comment_status":"closed","ping_status":"closed","template":"","meta":{"om_disable_all_campaigns":false,"_monsterinsights_skip_tracking":false,"_monsterinsights_sitenote_active":false,"_monsterinsights_sitenote_note":"","_monsterinsights_sitenote_category":0,"_uf_show_specific_survey":0,"_uf_disable_surveys":false,"footnotes":""},"class_list":["post-677","page","type-page","status-publish","hentry"],"yoast_head":"<!-- This site is optimized with the Yoast SEO plugin v27.5 - https:\/\/yoast.com\/product\/yoast-seo-wordpress\/ -->\n<title>Politique de Confidentialit\u00e9 - Nest and Co.<\/title>\n<meta name=\"robots\" content=\"index, follow, max-snippet:-1, max-image-preview:large, max-video-preview:-1\" \/>\n<link rel=\"canonical\" href=\"https:\/\/nestandco.site\/fr\/private-policy\/\" \/>\n<meta property=\"og:locale\" content=\"fr_FR\" \/>\n<meta property=\"og:type\" content=\"article\" \/>\n<meta property=\"og:title\" content=\"Politique de Confidentialit\u00e9 - Nest and Co.\" \/>\n<meta property=\"og:description\" content=\"Private Policy Introduction Chez Nest and Co., nous nous engageons \u00e0 prot\u00e9ger la vie priv\u00e9e et la s\u00e9curit\u00e9 des donn\u00e9es personnelles de nos utilisateurs et clients. Cette Politique de Confidentialit\u00e9 d\u00e9crit comment nous collectons, utilisons et prot\u00e9geons les informations personnelles que vous nous fournissez via notre site web et d&rsquo;autres canaux de communication. Responsable du [&hellip;]\" \/>\n<meta property=\"og:url\" content=\"https:\/\/nestandco.site\/fr\/private-policy\/\" \/>\n<meta property=\"og:site_name\" content=\"Nest and Co.\" \/>\n<meta property=\"article:publisher\" content=\"https:\/\/www.facebook.com\/wearenestandco\/\" \/>\n<meta property=\"article:modified_time\" content=\"2026-03-10T15:20:16+00:00\" \/>\n<meta name=\"twitter:card\" content=\"summary_large_image\" \/>\n<meta name=\"twitter:label1\" content=\"Dur\u00e9e de lecture estim\u00e9e\" \/>\n\t<meta name=\"twitter:data1\" content=\"4 minutes\" \/>\n<script type=\"application\/ld+json\" class=\"yoast-schema-graph\">{\"@context\":\"https:\\\/\\\/schema.org\",\"@graph\":[{\"@type\":\"WebPage\",\"@id\":\"https:\\\/\\\/nestandco.site\\\/fr\\\/private-policy\\\/\",\"url\":\"https:\\\/\\\/nestandco.site\\\/fr\\\/private-policy\\\/\",\"name\":\"Politique de Confidentialit\u00e9 - Nest and Co.\",\"isPartOf\":{\"@id\":\"https:\\\/\\\/nestandco.site\\\/#website\"},\"datePublished\":\"2024-07-25T10:43:37+00:00\",\"dateModified\":\"2026-03-10T15:20:16+00:00\",\"breadcrumb\":{\"@id\":\"https:\\\/\\\/nestandco.site\\\/fr\\\/private-policy\\\/#breadcrumb\"},\"inLanguage\":\"fr-FR\",\"potentialAction\":[{\"@type\":\"ReadAction\",\"target\":[\"https:\\\/\\\/nestandco.site\\\/fr\\\/private-policy\\\/\"]}]},{\"@type\":\"BreadcrumbList\",\"@id\":\"https:\\\/\\\/nestandco.site\\\/fr\\\/private-policy\\\/#breadcrumb\",\"itemListElement\":[{\"@type\":\"ListItem\",\"position\":1,\"name\":\"Home\",\"item\":\"https:\\\/\\\/nestandco.site\\\/\"},{\"@type\":\"ListItem\",\"position\":2,\"name\":\"Politique de Confidentialit\u00e9\"}]},{\"@type\":\"WebSite\",\"@id\":\"https:\\\/\\\/nestandco.site\\\/#website\",\"url\":\"https:\\\/\\\/nestandco.site\\\/\",\"name\":\"Nest and Co.\",\"description\":\"Tout savoir sur la GPA\",\"publisher\":{\"@id\":\"https:\\\/\\\/nestandco.site\\\/#organization\"},\"potentialAction\":[{\"@type\":\"SearchAction\",\"target\":{\"@type\":\"EntryPoint\",\"urlTemplate\":\"https:\\\/\\\/nestandco.site\\\/?s={search_term_string}\"},\"query-input\":{\"@type\":\"PropertyValueSpecification\",\"valueRequired\":true,\"valueName\":\"search_term_string\"}}],\"inLanguage\":\"fr-FR\"},{\"@type\":\"Organization\",\"@id\":\"https:\\\/\\\/nestandco.site\\\/#organization\",\"name\":\"Nest and Co.\",\"url\":\"https:\\\/\\\/nestandco.site\\\/\",\"logo\":{\"@type\":\"ImageObject\",\"inLanguage\":\"fr-FR\",\"@id\":\"https:\\\/\\\/nestandco.site\\\/#\\\/schema\\\/logo\\\/image\\\/\",\"url\":\"https:\\\/\\\/nestandco.site\\\/wp-content\\\/uploads\\\/2025\\\/06\\\/Nest-and-Co-logo.png\",\"contentUrl\":\"https:\\\/\\\/nestandco.site\\\/wp-content\\\/uploads\\\/2025\\\/06\\\/Nest-and-Co-logo.png\",\"width\":636,\"height\":636,\"caption\":\"Nest and Co.\"},\"image\":{\"@id\":\"https:\\\/\\\/nestandco.site\\\/#\\\/schema\\\/logo\\\/image\\\/\"},\"sameAs\":[\"https:\\\/\\\/www.facebook.com\\\/wearenestandco\\\/\",\"https:\\\/\\\/www.instagram.com\\\/wearenestandco\\\/\"]}]}<\/script>\n<!-- \/ Yoast SEO plugin. -->","yoast_head_json":{"title":"Politique de Confidentialit\u00e9 - Nest and Co.","robots":{"index":"index","follow":"follow","max-snippet":"max-snippet:-1","max-image-preview":"max-image-preview:large","max-video-preview":"max-video-preview:-1"},"canonical":"https:\/\/nestandco.site\/fr\/private-policy\/","og_locale":"fr_FR","og_type":"article","og_title":"Politique de Confidentialit\u00e9 - Nest and Co.","og_description":"Private Policy Introduction Chez Nest and Co., nous nous engageons \u00e0 prot\u00e9ger la vie priv\u00e9e et la s\u00e9curit\u00e9 des donn\u00e9es personnelles de nos utilisateurs et clients. Cette Politique de Confidentialit\u00e9 d\u00e9crit comment nous collectons, utilisons et prot\u00e9geons les informations personnelles que vous nous fournissez via notre site web et d&rsquo;autres canaux de communication. Responsable du [&hellip;]","og_url":"https:\/\/nestandco.site\/fr\/private-policy\/","og_site_name":"Nest and Co.","article_publisher":"https:\/\/www.facebook.com\/wearenestandco\/","article_modified_time":"2026-03-10T15:20:16+00:00","twitter_card":"summary_large_image","twitter_misc":{"Dur\u00e9e de lecture estim\u00e9e":"4 minutes"},"schema":{"@context":"https:\/\/schema.org","@graph":[{"@type":"WebPage","@id":"https:\/\/nestandco.site\/fr\/private-policy\/","url":"https:\/\/nestandco.site\/fr\/private-policy\/","name":"Politique de Confidentialit\u00e9 - Nest and Co.","isPartOf":{"@id":"https:\/\/nestandco.site\/#website"},"datePublished":"2024-07-25T10:43:37+00:00","dateModified":"2026-03-10T15:20:16+00:00","breadcrumb":{"@id":"https:\/\/nestandco.site\/fr\/private-policy\/#breadcrumb"},"inLanguage":"fr-FR","potentialAction":[{"@type":"ReadAction","target":["https:\/\/nestandco.site\/fr\/private-policy\/"]}]},{"@type":"BreadcrumbList","@id":"https:\/\/nestandco.site\/fr\/private-policy\/#breadcrumb","itemListElement":[{"@type":"ListItem","position":1,"name":"Home","item":"https:\/\/nestandco.site\/"},{"@type":"ListItem","position":2,"name":"Politique de Confidentialit\u00e9"}]},{"@type":"WebSite","@id":"https:\/\/nestandco.site\/#website","url":"https:\/\/nestandco.site\/","name":"Nest and Co.","description":"Tout savoir sur la GPA","publisher":{"@id":"https:\/\/nestandco.site\/#organization"},"potentialAction":[{"@type":"SearchAction","target":{"@type":"EntryPoint","urlTemplate":"https:\/\/nestandco.site\/?s={search_term_string}"},"query-input":{"@type":"PropertyValueSpecification","valueRequired":true,"valueName":"search_term_string"}}],"inLanguage":"fr-FR"},{"@type":"Organization","@id":"https:\/\/nestandco.site\/#organization","name":"Nest and Co.","url":"https:\/\/nestandco.site\/","logo":{"@type":"ImageObject","inLanguage":"fr-FR","@id":"https:\/\/nestandco.site\/#\/schema\/logo\/image\/","url":"https:\/\/nestandco.site\/wp-content\/uploads\/2025\/06\/Nest-and-Co-logo.png","contentUrl":"https:\/\/nestandco.site\/wp-content\/uploads\/2025\/06\/Nest-and-Co-logo.png","width":636,"height":636,"caption":"Nest and Co."},"image":{"@id":"https:\/\/nestandco.site\/#\/schema\/logo\/image\/"},"sameAs":["https:\/\/www.facebook.com\/wearenestandco\/","https:\/\/www.instagram.com\/wearenestandco\/"]}]}},"_links":{"self":[{"href":"https:\/\/nestandco.site\/fr\/wp-json\/wp\/v2\/pages\/677","targetHints":{"allow":["GET"]}}],"collection":[{"href":"https:\/\/nestandco.site\/fr\/wp-json\/wp\/v2\/pages"}],"about":[{"href":"https:\/\/nestandco.site\/fr\/wp-json\/wp\/v2\/types\/page"}],"author":[{"embeddable":true,"href":"https:\/\/nestandco.site\/fr\/wp-json\/wp\/v2\/users\/48098"}],"replies":[{"embeddable":true,"href":"https:\/\/nestandco.site\/fr\/wp-json\/wp\/v2\/comments?post=677"}],"version-history":[{"count":4,"href":"https:\/\/nestandco.site\/fr\/wp-json\/wp\/v2\/pages\/677\/revisions"}],"predecessor-version":[{"id":1402,"href":"https:\/\/nestandco.site\/fr\/wp-json\/wp\/v2\/pages\/677\/revisions\/1402"}],"wp:attachment":[{"href":"https:\/\/nestandco.site\/fr\/wp-json\/wp\/v2\/media?parent=677"}],"curies":[{"name":"wp","href":"https:\/\/api.w.org\/{rel}","templated":true}]}}