{"id":675,"date":"2024-07-25T12:43:06","date_gmt":"2024-07-25T10:43:06","guid":{"rendered":"https:\/\/nestandco.site\/legal\/"},"modified":"2026-03-10T16:20:09","modified_gmt":"2026-03-10T15:20:09","slug":"legal","status":"publish","type":"page","link":"https:\/\/nestandco.site\/fr\/legal\/","title":{"rendered":"Legal"},"content":{"rendered":"\t\t<div data-elementor-type=\"wp-page\" data-elementor-id=\"675\" class=\"elementor elementor-675 elementor-38\" data-elementor-post-type=\"page\">\n\t\t\t\t<div class=\"elementor-element elementor-element-6efa0a3 e-flex e-con-boxed e-con e-parent\" data-id=\"6efa0a3\" data-element_type=\"container\" data-e-type=\"container\">\n\t\t\t\t\t<div class=\"e-con-inner\">\n\t\t\t\t<div class=\"elementor-element elementor-element-09ed5b3 elementor-widget elementor-widget-heading\" data-id=\"09ed5b3\" data-element_type=\"widget\" data-e-type=\"widget\" data-widget_type=\"heading.default\">\n\t\t\t\t<div class=\"elementor-widget-container\">\n\t\t\t\t\t<h2 class=\"elementor-heading-title elementor-size-default\">Mentions l\u00e9gales<\/h2>\t\t\t\t<\/div>\n\t\t\t\t<\/div>\n\t\t\t\t\t<\/div>\n\t\t\t\t<\/div>\n\t\t<div class=\"elementor-element elementor-element-7210c5d e-flex e-con-boxed e-con e-parent\" data-id=\"7210c5d\" data-element_type=\"container\" data-e-type=\"container\">\n\t\t\t\t\t<div class=\"e-con-inner\">\n\t\t<div class=\"elementor-element elementor-element-0bd7815 e-con-full e-flex e-con e-child\" data-id=\"0bd7815\" data-element_type=\"container\" data-e-type=\"container\">\n\t\t\t\t<div class=\"elementor-element elementor-element-6417c21 elementor-widget elementor-widget-heading\" data-id=\"6417c21\" data-element_type=\"widget\" data-e-type=\"widget\" data-widget_type=\"heading.default\">\n\t\t\t\t<div class=\"elementor-widget-container\">\n\t\t\t\t\t<h3 class=\"elementor-heading-title elementor-size-default\">Identification du Titulaire du Site Web<\/h3>\t\t\t\t<\/div>\n\t\t\t\t<\/div>\n\t\t\t\t<div class=\"elementor-element elementor-element-0318b9f elementor-widget elementor-widget-text-editor\" data-id=\"0318b9f\" data-element_type=\"widget\" data-e-type=\"widget\" data-widget_type=\"text-editor.default\">\n\t\t\t\t<div class=\"elementor-widget-container\">\n\t\t\t\t\t\t\t\t\t<p>Conform\u00e9ment aux dispositions de la Loi 34\/2002 du 11 juillet sur les Services de la Soci\u00e9t\u00e9 de l&rsquo;Information et le Commerce \u00c9lectronique (LSSI-CE), ainsi qu&rsquo;\u00e0 d&rsquo;autres r\u00e9glementations applicables dans le domaine du commerce \u00e9lectronique et de la protection des donn\u00e9es, les utilisateurs de ce site web sont inform\u00e9s de l&rsquo;identit\u00e9 du titulaire et des conditions d&rsquo;utilisation du site.<\/p>\t\t\t\t\t\t\t\t<\/div>\n\t\t\t\t<\/div>\n\t\t\t\t<\/div>\n\t\t<div class=\"elementor-element elementor-element-99ef43d e-con-full e-flex e-con e-child\" data-id=\"99ef43d\" data-element_type=\"container\" data-e-type=\"container\">\n\t\t\t\t<div class=\"elementor-element elementor-element-87a6f38 elementor-widget elementor-widget-heading\" data-id=\"87a6f38\" data-element_type=\"widget\" data-e-type=\"widget\" data-widget_type=\"heading.default\">\n\t\t\t\t<div class=\"elementor-widget-container\">\n\t\t\t\t\t<h3 class=\"elementor-heading-title elementor-size-default\">Nom de l'Entreprise<\/h3>\t\t\t\t<\/div>\n\t\t\t\t<\/div>\n\t\t\t\t<div class=\"elementor-element elementor-element-e233c1f elementor-widget elementor-widget-text-editor\" data-id=\"e233c1f\" data-element_type=\"widget\" data-e-type=\"widget\" data-widget_type=\"text-editor.default\">\n\t\t\t\t<div class=\"elementor-widget-container\">\n\t\t\t\t\t\t\t\t\t<p>Nest and Co. est la d\u00e9nomination commerciale sous laquelle nous op\u00e9rons, sp\u00e9cialis\u00e9e dans le conseil, le soutien et l&rsquo;orientation des futurs parents dans les processus de fertilit\u00e9 \u00e0 l&rsquo;\u00e9tranger. Depuis notre cr\u00e9ation, nous avons travaill\u00e9 avec un engagement fort envers l&rsquo;excellence et la personnalisation de nos services, toujours orient\u00e9s vers l&rsquo;aide aux familles pour r\u00e9aliser leurs r\u00eaves de parentalit\u00e9.<\/p>\t\t\t\t\t\t\t\t<\/div>\n\t\t\t\t<\/div>\n\t\t\t\t<\/div>\n\t\t<div class=\"elementor-element elementor-element-b18e9a7 e-con-full e-flex e-con e-child\" data-id=\"b18e9a7\" data-element_type=\"container\" data-e-type=\"container\">\n\t\t\t\t<div class=\"elementor-element elementor-element-edfe266 elementor-widget elementor-widget-heading\" data-id=\"edfe266\" data-element_type=\"widget\" data-e-type=\"widget\" data-widget_type=\"heading.default\">\n\t\t\t\t<div class=\"elementor-widget-container\">\n\t\t\t\t\t<h3 class=\"elementor-heading-title elementor-size-default\">Si\u00e8ge Social <\/h3>\t\t\t\t<\/div>\n\t\t\t\t<\/div>\n\t\t\t\t<div class=\"elementor-element elementor-element-9c3f1f8 elementor-widget elementor-widget-text-editor\" data-id=\"9c3f1f8\" data-element_type=\"widget\" data-e-type=\"widget\" data-widget_type=\"text-editor.default\">\n\t\t\t\t<div class=\"elementor-widget-container\">\n\t\t\t\t\t\t\t\t\t<p>Calle Guill\u00e9n de Castro 104-1, 46003, Valencia<\/p><p>Le si\u00e8ge social de Nest and Co. est situ\u00e9 \u00e0 Valencia, Espa\u00f1a, d&rsquo;o\u00f9 nous g\u00e9rons toutes nos op\u00e9rations internationales, en maintenant une communication constante et efficace avec nos clients et collaborateurs dans diverses parties du monde.<\/p>\t\t\t\t\t\t\t\t<\/div>\n\t\t\t\t<\/div>\n\t\t\t\t<\/div>\n\t\t<div class=\"elementor-element elementor-element-28b2a3d e-con-full e-flex e-con e-child\" data-id=\"28b2a3d\" data-element_type=\"container\" data-e-type=\"container\">\n\t\t\t\t<div class=\"elementor-element elementor-element-2e587cb elementor-widget elementor-widget-heading\" data-id=\"2e587cb\" data-element_type=\"widget\" data-e-type=\"widget\" data-widget_type=\"heading.default\">\n\t\t\t\t<div class=\"elementor-widget-container\">\n\t\t\t\t\t<h3 class=\"elementor-heading-title elementor-size-default\">Contact Phone Numbers:<\/h3>\t\t\t\t<\/div>\n\t\t\t\t<\/div>\n\t\t\t\t<div class=\"elementor-element elementor-element-34eaec6 elementor-widget elementor-widget-text-editor\" data-id=\"34eaec6\" data-element_type=\"widget\" data-e-type=\"widget\" data-widget_type=\"text-editor.default\">\n\t\t\t\t<div class=\"elementor-widget-container\">\n\t\t\t\t\t\t\t\t\t<p>To ensure effective and personalized communication, Nest and Co. provides its users with different direct contact channels:<\/p><p>Louise: +34 689 60 34 58<\/p><p>Louise is responsible for managing and attending to our English-speaking clients, offering assistance and advice on all aspects related to our services.<\/p><p>H\u00e9l\u00e8ne: +34 644 33 72 02<\/p><p>H\u00e9l\u00e8ne is in charge of attending to our French-speaking clients, ensuring that all their inquiries and needs are addressed quickly and effectively.<\/p>\t\t\t\t\t\t\t\t<\/div>\n\t\t\t\t<\/div>\n\t\t\t\t<\/div>\n\t\t<div class=\"elementor-element elementor-element-470200a e-con-full e-flex e-con e-child\" data-id=\"470200a\" data-element_type=\"container\" data-e-type=\"container\">\n\t\t\t\t<div class=\"elementor-element elementor-element-40caac4 elementor-widget elementor-widget-heading\" data-id=\"40caac4\" data-element_type=\"widget\" data-e-type=\"widget\" data-widget_type=\"heading.default\">\n\t\t\t\t<div class=\"elementor-widget-container\">\n\t\t\t\t\t<h3 class=\"elementor-heading-title elementor-size-default\">Num\u00e9ros de T\u00e9l\u00e9phone de Contact <\/h3>\t\t\t\t<\/div>\n\t\t\t\t<\/div>\n\t\t\t\t<div class=\"elementor-element elementor-element-2991845 elementor-widget elementor-widget-text-editor\" data-id=\"2991845\" data-element_type=\"widget\" data-e-type=\"widget\" data-widget_type=\"text-editor.default\">\n\t\t\t\t<div class=\"elementor-widget-container\">\n\t\t\t\t\t\t\t\t\t<p>Pour garantir une communication efficace et personnalis\u00e9e, Nest and Co. met \u00e0 la disposition de ses utilisateurs diff\u00e9rents canaux de contact directs :<\/p><p>Louise : +34 689 60 34 58<\/p><p>Louise est responsable de la gestion et de l&rsquo;assistance \u00e0 nos clients anglophones, offrant une assistance et des conseils sur tous les aspects li\u00e9s \u00e0 nos services.<\/p><p>H\u00e9l\u00e8ne : +34 644 33 72 02<\/p><p>H\u00e9l\u00e8ne est charg\u00e9e de l&rsquo;assistance \u00e0 nos clients francophones, en veillant \u00e0 ce que toutes leurs demandes et besoins soient trait\u00e9s rapidement et efficacement.<\/p>\t\t\t\t\t\t\t\t<\/div>\n\t\t\t\t<\/div>\n\t\t\t\t<\/div>\n\t\t<div class=\"elementor-element elementor-element-586eb37 e-con-full e-flex e-con e-child\" data-id=\"586eb37\" data-element_type=\"container\" data-e-type=\"container\">\n\t\t\t\t<div class=\"elementor-element elementor-element-ab053c7 elementor-widget elementor-widget-heading\" data-id=\"ab053c7\" data-element_type=\"widget\" data-e-type=\"widget\" data-widget_type=\"heading.default\">\n\t\t\t\t<div class=\"elementor-widget-container\">\n\t\t\t\t\t<h3 class=\"elementor-heading-title elementor-size-default\">Adresses \u00c9lectroniques <\/h3>\t\t\t\t<\/div>\n\t\t\t\t<\/div>\n\t\t\t\t<div class=\"elementor-element elementor-element-42f8b76 elementor-widget elementor-widget-text-editor\" data-id=\"42f8b76\" data-element_type=\"widget\" data-e-type=\"widget\" data-widget_type=\"text-editor.default\">\n\t\t\t\t<div class=\"elementor-widget-container\">\n\t\t\t\t\t\t\t\t\t<p>Notre \u00e9quipe de sp\u00e9cialistes est disponible via les adresses \u00e9lectroniques suivantes, o\u00f9 nous r\u00e9pondrons \u00e0 toute question, demande d&rsquo;information ou consultation :<\/p><p>Louise : <a href=\"mailto:louise@nestandco.eu\">louise@nestandco.eu<\/a><\/p><p>Louise se chargera de r\u00e9pondre \u00e0 toutes les demandes li\u00e9es \u00e0 nos services en anglais et fournira les informations n\u00e9cessaires \u00e0 ceux qui sont int\u00e9ress\u00e9s par nos solutions de fertilit\u00e9 \u00e0 l&rsquo;\u00e9tranger.<\/p><p>H\u00e9l\u00e8ne : helene@nestandco.eu<\/p><p>H\u00e9l\u00e8ne se chargera des consultations en fran\u00e7ais et aidera \u00e0 guider nos clients \u00e0 travers les diff\u00e9rentes \u00e9tapes du processus de fertilit\u00e9.<\/p>\t\t\t\t\t\t\t\t<\/div>\n\t\t\t\t<\/div>\n\t\t\t\t<\/div>\n\t\t<div class=\"elementor-element elementor-element-43ccedb e-con-full e-flex e-con e-child\" data-id=\"43ccedb\" data-element_type=\"container\" data-e-type=\"container\">\n\t\t\t\t<div class=\"elementor-element elementor-element-2778d37 elementor-widget elementor-widget-heading\" data-id=\"2778d37\" data-element_type=\"widget\" data-e-type=\"widget\" data-widget_type=\"heading.default\">\n\t\t\t\t<div class=\"elementor-widget-container\">\n\t\t\t\t\t<h3 class=\"elementor-heading-title elementor-size-default\">Date de Cr\u00e9ation <\/h3>\t\t\t\t<\/div>\n\t\t\t\t<\/div>\n\t\t\t\t<div class=\"elementor-element elementor-element-54fad46 elementor-widget elementor-widget-text-editor\" data-id=\"54fad46\" data-element_type=\"widget\" data-e-type=\"widget\" data-widget_type=\"text-editor.default\">\n\t\t\t\t<div class=\"elementor-widget-container\">\n\t\t\t\t\t\t\t\t\t<p>Nest and Co. a \u00e9t\u00e9 fond\u00e9e en 2020, avec la vision d&rsquo;offrir une approche personnalis\u00e9e et de haute qualit\u00e9 dans le conseil et le soutien aux futurs parents. Depuis notre cr\u00e9ation, nous avons travaill\u00e9 sans rel\u00e2che pour devenir une r\u00e9f\u00e9rence dans le secteur, en \u00e9largissant notre pr\u00e9sence et en offrant nos services dans plusieurs destinations internationales.<\/p>\t\t\t\t\t\t\t\t<\/div>\n\t\t\t\t<\/div>\n\t\t\t\t<\/div>\n\t\t<div class=\"elementor-element elementor-element-d1a60a2 e-con-full e-flex e-con e-child\" data-id=\"d1a60a2\" data-element_type=\"container\" data-e-type=\"container\">\n\t\t\t\t<div class=\"elementor-element elementor-element-eb8a995 elementor-widget elementor-widget-heading\" data-id=\"eb8a995\" data-element_type=\"widget\" data-e-type=\"widget\" data-widget_type=\"heading.default\">\n\t\t\t\t<div class=\"elementor-widget-container\">\n\t\t\t\t\t<h3 class=\"elementor-heading-title elementor-size-default\">Num\u00e9ro d'Identification Fiscale (NIF) <\/h3>\t\t\t\t<\/div>\n\t\t\t\t<\/div>\n\t\t\t\t<div class=\"elementor-element elementor-element-00ed207 elementor-widget elementor-widget-text-editor\" data-id=\"00ed207\" data-element_type=\"widget\" data-e-type=\"widget\" data-widget_type=\"text-editor.default\">\n\t\t\t\t<div class=\"elementor-widget-container\">\n\t\t\t\t\t\t\t\t\t<p>B-02.668.341<\/p><p>Le Num\u00e9ro d&rsquo;Identification Fiscale (NIF) de Nest and Co. est [NIF], attribu\u00e9 par les autorit\u00e9s fiscales du pays, et qui nous identifie comme une entit\u00e9 l\u00e9galement constitu\u00e9e et op\u00e9rationnelle sous la r\u00e9glementation applicable.<\/p>\t\t\t\t\t\t\t\t<\/div>\n\t\t\t\t<\/div>\n\t\t\t\t<\/div>\n\t\t<div class=\"elementor-element elementor-element-e1b9831 e-con-full e-flex e-con e-child\" data-id=\"e1b9831\" data-element_type=\"container\" data-e-type=\"container\">\n\t\t\t\t<div class=\"elementor-element elementor-element-62b38b7 elementor-widget elementor-widget-heading\" data-id=\"62b38b7\" data-element_type=\"widget\" data-e-type=\"widget\" data-widget_type=\"heading.default\">\n\t\t\t\t<div class=\"elementor-widget-container\">\n\t\t\t\t\t<h3 class=\"elementor-heading-title elementor-size-default\">Objet de l'Entreprise <\/h3>\t\t\t\t<\/div>\n\t\t\t\t<\/div>\n\t\t\t\t<div class=\"elementor-element elementor-element-2deb015 elementor-widget elementor-widget-text-editor\" data-id=\"2deb015\" data-element_type=\"widget\" data-e-type=\"widget\" data-widget_type=\"text-editor.default\">\n\t\t\t\t<div class=\"elementor-widget-container\">\n\t\t\t\t\t\t\t\t\t<p>La mission principale de Nest and Co. est d&rsquo;offrir des conseils, un soutien et une orientation aux futurs parents qui cherchent \u00e0 entreprendre des processus de fertilit\u00e9 \u00e0 l&rsquo;\u00e9tranger. Nos services sont con\u00e7us pour accompagner les clients \u00e0 chaque \u00e9tape du chemin, de la s\u00e9lection du traitement appropri\u00e9 \u00e0 la coordination avec les cliniques et les professionnels sp\u00e9cialis\u00e9s dans diff\u00e9rents pays. Notre priorit\u00e9 est de fournir un service complet qui garantit le succ\u00e8s du processus, toujours en respectant les normes de qualit\u00e9 et de s\u00e9curit\u00e9 les plus \u00e9lev\u00e9es.<\/p><p>\u00c0 travers notre site web, nous fournissons des informations d\u00e9taill\u00e9es sur nos services, des t\u00e9moignages de clients, et des ressources utiles pour ceux qui souhaitent en savoir plus sur les options de fertilit\u00e9 disponibles au niveau international. Nous facilitons \u00e9galement le contact direct avec notre \u00e9quipe de sp\u00e9cialistes pour des consultations personnalis\u00e9es.<\/p>\t\t\t\t\t\t\t\t<\/div>\n\t\t\t\t<\/div>\n\t\t\t\t<\/div>\n\t\t<div class=\"elementor-element elementor-element-6f46403 e-con-full e-flex e-con e-child\" data-id=\"6f46403\" data-element_type=\"container\" data-e-type=\"container\">\n\t\t\t\t<div class=\"elementor-element elementor-element-1eb72a5 elementor-widget elementor-widget-heading\" data-id=\"1eb72a5\" data-element_type=\"widget\" data-e-type=\"widget\" data-widget_type=\"heading.default\">\n\t\t\t\t<div class=\"elementor-widget-container\">\n\t\t\t\t\t<h3 class=\"elementor-heading-title elementor-size-default\">Conditions d'Utilisation<\/h3>\t\t\t\t<\/div>\n\t\t\t\t<\/div>\n\t\t\t\t<div class=\"elementor-element elementor-element-877a1be elementor-widget elementor-widget-text-editor\" data-id=\"877a1be\" data-element_type=\"widget\" data-e-type=\"widget\" data-widget_type=\"text-editor.default\">\n\t\t\t\t<div class=\"elementor-widget-container\">\n\t\t\t\t\t\t\t\t\t<p>L&rsquo;acc\u00e8s et l&rsquo;utilisation de ce site web sont soumis aux conditions suivantes, qui sont consid\u00e9r\u00e9es comme accept\u00e9es par l&rsquo;utilisateur d\u00e8s qu&rsquo;il acc\u00e8de \u00e0 notre portail:<\/p><ul><li><p>Propri\u00e9t\u00e9 Intellectuelle: Tous les contenus pr\u00e9sents sur ce site web, y compris, mais sans s&rsquo;y limiter, les textes, images, vid\u00e9os, logos, graphiques, designs et tout autre mat\u00e9riel, sont la propri\u00e9t\u00e9 exclusive de Nest and Co. ou de ses conc\u00e9dants, et sont prot\u00e9g\u00e9s par les lois sur la propri\u00e9t\u00e9 intellectuelle et industrielle. Toute reproduction, distribution, modification ou tout autre usage non autoris\u00e9 de ces contenus est strictement interdit sans le consentement expr\u00e8s et \u00e9crit de Nest and Co. L&rsquo;utilisation non autoris\u00e9e de ces mat\u00e9riaux peut entra\u00eener des actions en justice conform\u00e9ment \u00e0 la l\u00e9gislation en vigueur.<\/p><\/li><li><p>Responsabilite: Nest and Co. n&rsquo;est pas responsable de l&rsquo;utilisation inappropri\u00e9e que les utilisateurs peuvent faire des informations ou contenus disponibles sur ce site web. L&rsquo;acc\u00e8s et l&rsquo;utilisation de ces derniers sont de la responsabilit\u00e9 exclusive de l&rsquo;utilisateur. Nest and Co. ne garantit pas la disponibilit\u00e9 continue et permanente du site web et de ses services, se r\u00e9servant le droit de modifier, suspendre ou retirer le contenu du site web sans pr\u00e9avis, si cela est jug\u00e9 n\u00e9cessaire pour des raisons techniques, de s\u00e9curit\u00e9 ou autres.<\/p><\/li><li><p>Liens vers des Tiers: Ce site web peut contenir des liens vers des sites web de tiers, fournis uniquement pour la commodit\u00e9 de l&rsquo;utilisateur. Nest and Co. n&rsquo;a aucun contr\u00f4le sur ces sites et n&rsquo;assume aucune responsabilit\u00e9 quant au contenu, aux politiques de confidentialit\u00e9 ou aux pratiques de tout site web tiers. L&rsquo;inclusion de ces liens n&rsquo;implique pas l&rsquo;approbation des sites li\u00e9s ou des informations qu&rsquo;ils contiennent.<\/p><\/li><\/ul>\t\t\t\t\t\t\t\t<\/div>\n\t\t\t\t<\/div>\n\t\t\t\t<\/div>\n\t\t\t\t\t<\/div>\n\t\t\t\t<\/div>\n\t\t\t\t<\/div>\n\t\t","protected":false},"excerpt":{"rendered":"<p>Mentions l\u00e9gales Identification du Titulaire du Site Web Conform\u00e9ment aux dispositions de la Loi 34\/2002 du 11 juillet sur les Services de la Soci\u00e9t\u00e9 de l&rsquo;Information et le Commerce \u00c9lectronique (LSSI-CE), ainsi qu&rsquo;\u00e0 d&rsquo;autres r\u00e9glementations applicables dans le domaine du commerce \u00e9lectronique et de la protection des donn\u00e9es, les utilisateurs de ce site web sont [&hellip;]<\/p>\n","protected":false},"author":48098,"featured_media":0,"parent":0,"menu_order":0,"comment_status":"closed","ping_status":"closed","template":"","meta":{"om_disable_all_campaigns":false,"_monsterinsights_skip_tracking":false,"_monsterinsights_sitenote_active":false,"_monsterinsights_sitenote_note":"","_monsterinsights_sitenote_category":0,"_uf_show_specific_survey":0,"_uf_disable_surveys":false,"footnotes":""},"class_list":["post-675","page","type-page","status-publish","hentry"],"yoast_head":"<!-- This site is optimized with the Yoast SEO plugin v27.4 - https:\/\/yoast.com\/product\/yoast-seo-wordpress\/ -->\n<title>Legal - Nest and Co.<\/title>\n<meta name=\"robots\" content=\"index, follow, max-snippet:-1, max-image-preview:large, max-video-preview:-1\" \/>\n<link rel=\"canonical\" href=\"https:\/\/nestandco.site\/fr\/legal\/\" \/>\n<meta property=\"og:locale\" content=\"fr_FR\" \/>\n<meta property=\"og:type\" content=\"article\" \/>\n<meta property=\"og:title\" content=\"Legal - Nest and Co.\" \/>\n<meta property=\"og:description\" content=\"Mentions l\u00e9gales Identification du Titulaire du Site Web Conform\u00e9ment aux dispositions de la Loi 34\/2002 du 11 juillet sur les Services de la Soci\u00e9t\u00e9 de l&rsquo;Information et le Commerce \u00c9lectronique (LSSI-CE), ainsi qu&rsquo;\u00e0 d&rsquo;autres r\u00e9glementations applicables dans le domaine du commerce \u00e9lectronique et de la protection des donn\u00e9es, les utilisateurs de ce site web sont [&hellip;]\" \/>\n<meta property=\"og:url\" content=\"https:\/\/nestandco.site\/fr\/legal\/\" \/>\n<meta property=\"og:site_name\" content=\"Nest and Co.\" \/>\n<meta property=\"article:publisher\" content=\"https:\/\/www.facebook.com\/wearenestandco\/\" \/>\n<meta property=\"article:modified_time\" content=\"2026-03-10T15:20:09+00:00\" \/>\n<meta name=\"twitter:card\" content=\"summary_large_image\" \/>\n<meta name=\"twitter:label1\" content=\"Dur\u00e9e de lecture estim\u00e9e\" \/>\n\t<meta name=\"twitter:data1\" content=\"5 minutes\" \/>\n<script type=\"application\/ld+json\" class=\"yoast-schema-graph\">{\"@context\":\"https:\\\/\\\/schema.org\",\"@graph\":[{\"@type\":\"WebPage\",\"@id\":\"https:\\\/\\\/nestandco.site\\\/fr\\\/legal\\\/\",\"url\":\"https:\\\/\\\/nestandco.site\\\/fr\\\/legal\\\/\",\"name\":\"Legal - Nest and Co.\",\"isPartOf\":{\"@id\":\"https:\\\/\\\/nestandco.site\\\/#website\"},\"datePublished\":\"2024-07-25T10:43:06+00:00\",\"dateModified\":\"2026-03-10T15:20:09+00:00\",\"breadcrumb\":{\"@id\":\"https:\\\/\\\/nestandco.site\\\/fr\\\/legal\\\/#breadcrumb\"},\"inLanguage\":\"fr-FR\",\"potentialAction\":[{\"@type\":\"ReadAction\",\"target\":[\"https:\\\/\\\/nestandco.site\\\/fr\\\/legal\\\/\"]}]},{\"@type\":\"BreadcrumbList\",\"@id\":\"https:\\\/\\\/nestandco.site\\\/fr\\\/legal\\\/#breadcrumb\",\"itemListElement\":[{\"@type\":\"ListItem\",\"position\":1,\"name\":\"Home\",\"item\":\"https:\\\/\\\/nestandco.site\\\/\"},{\"@type\":\"ListItem\",\"position\":2,\"name\":\"Legal\"}]},{\"@type\":\"WebSite\",\"@id\":\"https:\\\/\\\/nestandco.site\\\/#website\",\"url\":\"https:\\\/\\\/nestandco.site\\\/\",\"name\":\"Nest and Co.\",\"description\":\"Tout savoir sur la GPA\",\"publisher\":{\"@id\":\"https:\\\/\\\/nestandco.site\\\/#organization\"},\"potentialAction\":[{\"@type\":\"SearchAction\",\"target\":{\"@type\":\"EntryPoint\",\"urlTemplate\":\"https:\\\/\\\/nestandco.site\\\/?s={search_term_string}\"},\"query-input\":{\"@type\":\"PropertyValueSpecification\",\"valueRequired\":true,\"valueName\":\"search_term_string\"}}],\"inLanguage\":\"fr-FR\"},{\"@type\":\"Organization\",\"@id\":\"https:\\\/\\\/nestandco.site\\\/#organization\",\"name\":\"Nest and Co.\",\"url\":\"https:\\\/\\\/nestandco.site\\\/\",\"logo\":{\"@type\":\"ImageObject\",\"inLanguage\":\"fr-FR\",\"@id\":\"https:\\\/\\\/nestandco.site\\\/#\\\/schema\\\/logo\\\/image\\\/\",\"url\":\"https:\\\/\\\/nestandco.site\\\/wp-content\\\/uploads\\\/2025\\\/06\\\/Nest-and-Co-logo.png\",\"contentUrl\":\"https:\\\/\\\/nestandco.site\\\/wp-content\\\/uploads\\\/2025\\\/06\\\/Nest-and-Co-logo.png\",\"width\":636,\"height\":636,\"caption\":\"Nest and Co.\"},\"image\":{\"@id\":\"https:\\\/\\\/nestandco.site\\\/#\\\/schema\\\/logo\\\/image\\\/\"},\"sameAs\":[\"https:\\\/\\\/www.facebook.com\\\/wearenestandco\\\/\",\"https:\\\/\\\/www.instagram.com\\\/wearenestandco\\\/\"]}]}<\/script>\n<!-- \/ Yoast SEO plugin. -->","yoast_head_json":{"title":"Legal - Nest and Co.","robots":{"index":"index","follow":"follow","max-snippet":"max-snippet:-1","max-image-preview":"max-image-preview:large","max-video-preview":"max-video-preview:-1"},"canonical":"https:\/\/nestandco.site\/fr\/legal\/","og_locale":"fr_FR","og_type":"article","og_title":"Legal - Nest and Co.","og_description":"Mentions l\u00e9gales Identification du Titulaire du Site Web Conform\u00e9ment aux dispositions de la Loi 34\/2002 du 11 juillet sur les Services de la Soci\u00e9t\u00e9 de l&rsquo;Information et le Commerce \u00c9lectronique (LSSI-CE), ainsi qu&rsquo;\u00e0 d&rsquo;autres r\u00e9glementations applicables dans le domaine du commerce \u00e9lectronique et de la protection des donn\u00e9es, les utilisateurs de ce site web sont [&hellip;]","og_url":"https:\/\/nestandco.site\/fr\/legal\/","og_site_name":"Nest and Co.","article_publisher":"https:\/\/www.facebook.com\/wearenestandco\/","article_modified_time":"2026-03-10T15:20:09+00:00","twitter_card":"summary_large_image","twitter_misc":{"Dur\u00e9e de lecture estim\u00e9e":"5 minutes"},"schema":{"@context":"https:\/\/schema.org","@graph":[{"@type":"WebPage","@id":"https:\/\/nestandco.site\/fr\/legal\/","url":"https:\/\/nestandco.site\/fr\/legal\/","name":"Legal - Nest and Co.","isPartOf":{"@id":"https:\/\/nestandco.site\/#website"},"datePublished":"2024-07-25T10:43:06+00:00","dateModified":"2026-03-10T15:20:09+00:00","breadcrumb":{"@id":"https:\/\/nestandco.site\/fr\/legal\/#breadcrumb"},"inLanguage":"fr-FR","potentialAction":[{"@type":"ReadAction","target":["https:\/\/nestandco.site\/fr\/legal\/"]}]},{"@type":"BreadcrumbList","@id":"https:\/\/nestandco.site\/fr\/legal\/#breadcrumb","itemListElement":[{"@type":"ListItem","position":1,"name":"Home","item":"https:\/\/nestandco.site\/"},{"@type":"ListItem","position":2,"name":"Legal"}]},{"@type":"WebSite","@id":"https:\/\/nestandco.site\/#website","url":"https:\/\/nestandco.site\/","name":"Nest and Co.","description":"Tout savoir sur la GPA","publisher":{"@id":"https:\/\/nestandco.site\/#organization"},"potentialAction":[{"@type":"SearchAction","target":{"@type":"EntryPoint","urlTemplate":"https:\/\/nestandco.site\/?s={search_term_string}"},"query-input":{"@type":"PropertyValueSpecification","valueRequired":true,"valueName":"search_term_string"}}],"inLanguage":"fr-FR"},{"@type":"Organization","@id":"https:\/\/nestandco.site\/#organization","name":"Nest and Co.","url":"https:\/\/nestandco.site\/","logo":{"@type":"ImageObject","inLanguage":"fr-FR","@id":"https:\/\/nestandco.site\/#\/schema\/logo\/image\/","url":"https:\/\/nestandco.site\/wp-content\/uploads\/2025\/06\/Nest-and-Co-logo.png","contentUrl":"https:\/\/nestandco.site\/wp-content\/uploads\/2025\/06\/Nest-and-Co-logo.png","width":636,"height":636,"caption":"Nest and Co."},"image":{"@id":"https:\/\/nestandco.site\/#\/schema\/logo\/image\/"},"sameAs":["https:\/\/www.facebook.com\/wearenestandco\/","https:\/\/www.instagram.com\/wearenestandco\/"]}]}},"_links":{"self":[{"href":"https:\/\/nestandco.site\/fr\/wp-json\/wp\/v2\/pages\/675","targetHints":{"allow":["GET"]}}],"collection":[{"href":"https:\/\/nestandco.site\/fr\/wp-json\/wp\/v2\/pages"}],"about":[{"href":"https:\/\/nestandco.site\/fr\/wp-json\/wp\/v2\/types\/page"}],"author":[{"embeddable":true,"href":"https:\/\/nestandco.site\/fr\/wp-json\/wp\/v2\/users\/48098"}],"replies":[{"embeddable":true,"href":"https:\/\/nestandco.site\/fr\/wp-json\/wp\/v2\/comments?post=675"}],"version-history":[{"count":6,"href":"https:\/\/nestandco.site\/fr\/wp-json\/wp\/v2\/pages\/675\/revisions"}],"predecessor-version":[{"id":1396,"href":"https:\/\/nestandco.site\/fr\/wp-json\/wp\/v2\/pages\/675\/revisions\/1396"}],"wp:attachment":[{"href":"https:\/\/nestandco.site\/fr\/wp-json\/wp\/v2\/media?parent=675"}],"curies":[{"name":"wp","href":"https:\/\/api.w.org\/{rel}","templated":true}]}}